{"id":110,"date":"2013-11-26T17:57:06","date_gmt":"2013-11-26T17:57:06","guid":{"rendered":"http:\/\/www.albertiapsicologiaysalud.com\/?page_id=110"},"modified":"2026-01-04T16:33:45","modified_gmt":"2026-01-04T16:33:45","slug":"activa-y-vitalmente","status":"publish","type":"page","link":"https:\/\/www.albertiapsicologiaysalud.com\/?page_id=110","title":{"rendered":"Activa y Vitalmente."},"content":{"rendered":"\n<figure class=\"wp-block-video\"><video autoplay loop poster=\"https:\/\/www.albertiapsicologiaysalud.com\/wp-content\/uploads\/vitax-2.png\" preload=\"none\" src=\"https:\/\/www.albertiapsicologiaysalud.com\/wp-content\/uploads\/activa-y-mntm.mp4\"><\/video><figcaption><strong>ACTIVA Y VITALMENTE <\/strong><br> <strong><a href=\"https:\/\/www.albertiapsicologiaysalud.com\/?p=2311\">Salud, Bienestar y Envejecimiento. <\/a><br><a href=\"https:\/\/www.albertiapsicologiaysalud.com\/?p=118\">Prevenci\u00f3n de la Soledad-Dependencia<\/a><\/strong><a href=\"https:\/\/www.albertiapsicologiaysalud.com\/?p=118\"> <\/a><br><strong><a href=\"https:\/\/www.albertiapsicologiaysalud.com\/?p=6006\">Duelo<\/a><\/strong><br><a href=\"mailto:psicologia.eescobar@gmail.com?Subject=envejecimiento activo\">psicologia.eescobar@gmail.com<\/a><\/figcaption><\/figure>\n\n\n\n<p class=\"has-text-align-center has-text-color\" style=\"color:#1a3976\"><strong>\u00bfQu\u00e9 es el proyecto Activa y Vitalmente ..?<\/strong><\/p>\n\n\n\n<p class=\"has-text-align-center has-black-color has-text-color has-background\" style=\"background-color:#f0f1f2;font-size:15px\">El proyecto Activa y Vitalmente es un recurso sanitario desde el que pretendemos <em><strong>describir, comprender, mejorar y promover <\/strong><\/em>los recursos y habilidades capacitadoras, mecanismos psicol\u00f3gicos y conductuales favorables para el envejecimiento activo y saludable con \u00e9xito.<\/p>\n\n\n\n<p class=\"has-text-align-center\" style=\"font-size:15px\">Nuestra filosof\u00eda pretende desarrollar programas de prevenci\u00f3n de la salud y apoyo t\u00e9cnico para la prevenci\u00f3n, intervenci\u00f3n, atenci\u00f3n y cuidado, con una finalidad potenciadora, integradora y capacitadora del envejecimiento.<\/p>\n\n\n\n<p class=\"has-text-align-center has-black-color has-text-color has-background\" style=\"background-color:#f0f1f2;font-size:15px\">As\u00ed, desde Activa y Vitalmente pretendemos favorecer el acceso y la atenci\u00f3n a recursos de atenci\u00f3n&nbsp;sanitaria, desarrollo f\u00edsico, mot\u00f3rico, psicol\u00f3gico, cognitivo y de educaci\u00f3n permanente, atendiendo globalmente el desarrollo de capacidades y habilidades en el individuo para su relaci\u00f3n&nbsp;consigo mismo y con los dem\u00e1s asi como la integraci\u00f3n en la sociedad en la que vive y convive.<\/p>\n\n\n\n<p class=\"has-text-align-center has-text-color\" style=\"color:#133e77\"><strong>Por \u00faltimo y no menos importante, motivamos a cuidarse hoy para no ser cuidado ma\u00f1ana.<\/strong><\/p>\n\n\n\n<p class=\"has-text-align-center has-white-background-color has-background\" style=\"font-size:15px\">Para ello hemos desarrollado varios programas que atienden las distintas situaciones en las que poder trabajar para la mejora de las situaciones que nuestros pacientes\/clientes nos plantean. <\/p>\n\n\n\n<figure class=\"wp-block-image\"><img loading=\"lazy\" width=\"1024\" height=\"215\" src=\"https:\/\/www.albertiapsicologiaysalud.com\/wp-content\/uploads\/prio-1024x215.png\" alt=\"\" class=\"wp-image-5092\" srcset=\"https:\/\/www.albertiapsicologiaysalud.com\/wp-content\/uploads\/prio-1024x215.png 1024w, https:\/\/www.albertiapsicologiaysalud.com\/wp-content\/uploads\/prio-300x63.png 300w, https:\/\/www.albertiapsicologiaysalud.com\/wp-content\/uploads\/prio-768x161.png 768w\" sizes=\"(max-width: 1024px) 100vw, 1024px\" \/><figcaption><strong>BAJA<\/strong> probabilidad de enfermar y de mostrar discapacidad.<br><strong>ALTA<\/strong> capacidad cognitiva y buen funcionamiento f\u00edsico.<br><strong>ALTO<\/strong> compromiso con la vida.<\/figcaption><\/figure>\n\n\n\n<p class=\"has-text-align-center has-text-color\" style=\"color:#1a3976;font-size:17px\"><strong>Entendemos el envejecimiento como un proceso. Consulta y activa nuestros recursos<\/strong><\/p>\n\n\n\n<div class=\"wp-container-1 wp-block-buttons\">\n<div class=\"wp-block-button is-style-fill\"><a class=\"wp-block-button__link has-midnight-gradient-background has-background\" href=\"https:\/\/www.albertiapsicologiaysalud.com\/?p=2311\">\u00bfComo podemos ayudarte ..?<\/a><\/div>\n<\/div>\n\n\n\n<p class=\"has-text-align-center has-white-background-color has-text-color has-background\" style=\"color:#133e77;font-size:15px\"><strong>Trabajamos con programas para la atenci\u00f3n integral y personalizada de la situaci\u00f3n que la valoraci\u00f3n y el co-dise\u00f1o con el  cliente nos plantea.<\/strong><\/p>\n\n\n\n<figure class=\"wp-block-image is-resized is-style-rounded\"><img loading=\"lazy\" src=\"https:\/\/www.albertiapsicologiaysalud.com\/wp-content\/uploads\/ELIGE-RECURSO-SEGUN-TUS-NECESIDADES.--1024x215.png\" alt=\"\" class=\"wp-image-5687\" width=\"768\" height=\"161\" srcset=\"https:\/\/www.albertiapsicologiaysalud.com\/wp-content\/uploads\/ELIGE-RECURSO-SEGUN-TUS-NECESIDADES.--1024x215.png 1024w, https:\/\/www.albertiapsicologiaysalud.com\/wp-content\/uploads\/ELIGE-RECURSO-SEGUN-TUS-NECESIDADES.--300x63.png 300w, https:\/\/www.albertiapsicologiaysalud.com\/wp-content\/uploads\/ELIGE-RECURSO-SEGUN-TUS-NECESIDADES.--768x161.png 768w\" sizes=\"(max-width: 768px) 100vw, 768px\" \/><figcaption><strong>Todos estos proyectos est\u00e1n a tu disposici\u00f3n para dise\u00f1ar entre ambos tu envejecimiento con \u00e9xito.<\/strong><br><a href=\"mailto:psicologia.eescobar@gmail.com?Subject=envejecimiento activo\">psicologia.eescobar@gmail.com<\/a><br><strong><br><\/strong><\/figcaption><\/figure>\n\n\n\n<p class=\"has-text-align-center\" style=\"font-size:15px\"><span style=\"color: #003366;\"><strong>\u00a1 Piensa en nosotros para la atenci\u00f3n de tus seres queridos y cuando hagas tus planes de futuro!<\/strong><\/span><\/p>\n","protected":false},"excerpt":{"rendered":"<p>Algunas de nuestras propuestas pueden ser acompa\u00f1adas de servicios complementarios y propuestas que promueven la Psicolog\u00eda Moderna como fuente de Bienestar. Recomendaciones  l\u00fadicas, participativas, coordinadas en nuestros Club de Salud y Bienestar.\u00bf Te animas a participar&#8230;?<br \/>\nAtenci\u00f3n individual en toda su extensi\u00f3n.<br \/>\nActividades grupales limitadas y sujetas a condicones de pandemia. <\/p>\n","protected":false},"author":1,"featured_media":6887,"parent":0,"menu_order":7,"comment_status":"closed","ping_status":"closed","template":"","meta":[],"_links":{"self":[{"href":"https:\/\/www.albertiapsicologiaysalud.com\/index.php?rest_route=\/wp\/v2\/pages\/110"}],"collection":[{"href":"https:\/\/www.albertiapsicologiaysalud.com\/index.php?rest_route=\/wp\/v2\/pages"}],"about":[{"href":"https:\/\/www.albertiapsicologiaysalud.com\/index.php?rest_route=\/wp\/v2\/types\/page"}],"author":[{"embeddable":true,"href":"https:\/\/www.albertiapsicologiaysalud.com\/index.php?rest_route=\/wp\/v2\/users\/1"}],"replies":[{"embeddable":true,"href":"https:\/\/www.albertiapsicologiaysalud.com\/index.php?rest_route=%2Fwp%2Fv2%2Fcomments&post=110"}],"version-history":[{"count":134,"href":"https:\/\/www.albertiapsicologiaysalud.com\/index.php?rest_route=\/wp\/v2\/pages\/110\/revisions"}],"predecessor-version":[{"id":9485,"href":"https:\/\/www.albertiapsicologiaysalud.com\/index.php?rest_route=\/wp\/v2\/pages\/110\/revisions\/9485"}],"wp:featuredmedia":[{"embeddable":true,"href":"https:\/\/www.albertiapsicologiaysalud.com\/index.php?rest_route=\/wp\/v2\/media\/6887"}],"wp:attachment":[{"href":"https:\/\/www.albertiapsicologiaysalud.com\/index.php?rest_route=%2Fwp%2Fv2%2Fmedia&parent=110"}],"curies":[{"name":"wp","href":"https:\/\/api.w.org\/{rel}","templated":true}]}}