{"id":3183,"date":"2019-05-06T12:02:58","date_gmt":"2019-05-06T12:02:58","guid":{"rendered":"http:\/\/www.albertiapsicologiaysalud.com\/?page_id=3183"},"modified":"2026-01-04T17:05:15","modified_gmt":"2026-01-04T17:05:15","slug":"existere","status":"publish","type":"page","link":"https:\/\/www.albertiapsicologiaysalud.com\/?page_id=3183","title":{"rendered":"Proyecto  Existere. Psicolog\u00eda y Bienestar."},"content":{"rendered":"<div class=\"wp-block-image is-style-rounded\">\n<figure class=\"aligncenter is-resized\"><img loading=\"lazy\" src=\"https:\/\/www.albertiapsicologiaysalud.com\/wp-content\/uploads\/Proyecto-Existere-1024x576.png\" alt=\"\" class=\"wp-image-7938\" width=\"768\" height=\"432\" srcset=\"https:\/\/www.albertiapsicologiaysalud.com\/wp-content\/uploads\/Proyecto-Existere-1024x576.png 1024w, https:\/\/www.albertiapsicologiaysalud.com\/wp-content\/uploads\/Proyecto-Existere-300x169.png 300w, https:\/\/www.albertiapsicologiaysalud.com\/wp-content\/uploads\/Proyecto-Existere-768x432.png 768w, https:\/\/www.albertiapsicologiaysalud.com\/wp-content\/uploads\/Proyecto-Existere.png 1920w\" sizes=\"(max-width: 768px) 100vw, 768px\" \/><\/figure><\/div>\n\n\n<p class=\"has-text-align-center\" style=\"font-size:14px\">El Proyecto Existere est\u00e1 orientado a la Promoci\u00f3n de la Salud Mental, atenci\u00f3n, tratamiento y gesti\u00f3n del Bienestar Cognitivo, Psicol\u00f3gico, Emocional y Social ajustado a los cambios situacionales.<\/p>\n\n\n<div class=\"wp-block-image\">\n<figure class=\"aligncenter is-resized\"><a href=\"https:\/\/www.albertiapsicologiaysalud.com\/?p=7898\"><img loading=\"lazy\" src=\"https:\/\/www.albertiapsicologiaysalud.com\/wp-content\/uploads\/2-3.png\" alt=\"Nuestro trabajo se estructura siguiendo la Deontolog\u00eda Profesional que  indica que el  ejercicio de la  Psicolog\u00eda se orienta a una finalidad  humana y social, que puede expresarse en objetivos tales como: el  bienestar, la salud, la  calidad de vida, la plenitud del desarrollo de  las personas y de los  grupos, en los distintos \u00e1mbitos de la vida  individual y  social. \" class=\"wp-image-5032\" width=\"620\" height=\"130\" srcset=\"https:\/\/www.albertiapsicologiaysalud.com\/wp-content\/uploads\/2-3.png 2480w, https:\/\/www.albertiapsicologiaysalud.com\/wp-content\/uploads\/2-3-300x63.png 300w, https:\/\/www.albertiapsicologiaysalud.com\/wp-content\/uploads\/2-3-768x161.png 768w, https:\/\/www.albertiapsicologiaysalud.com\/wp-content\/uploads\/2-3-1024x215.png 1024w\" sizes=\"(max-width: 620px) 100vw, 620px\" \/><\/a><figcaption><strong>625 988 100<\/strong><br><a href=\"mailto:psicologia.eescobar@gmail.com?Subject=interesado%20en%20sus%20servicios psico\">psicologia.eescobar@gmail.com<\/a><\/figcaption><\/figure><\/div>\n\n\n<p class=\"has-text-color has-medium-font-size\" style=\"color:#235d58\"><strong>Existere-Psicolog\u00eda para la Vida<\/strong><\/p>\n\n\n\n<p class=\"has-text-align-center\" style=\"font-size:15px\">Cu\u00e9ntanos qu\u00e9 est\u00e1 sucediendo en tu casa y en tu familia en tu  trabajo o en tus relaciones sin temor ni verg\u00fcenza. Estamos para ayudarte si lo necesitas. <\/p>\n\n\n<div class=\"wp-block-image is-style-default\">\n<figure class=\"aligncenter is-resized\"><img loading=\"lazy\" src=\"https:\/\/www.albertiapsicologiaysalud.com\/wp-content\/uploads\/no-hacemos-milagros2.png\" alt=\"\" class=\"wp-image-4673\" width=\"615\" height=\"234\" srcset=\"https:\/\/www.albertiapsicologiaysalud.com\/wp-content\/uploads\/no-hacemos-milagros2.png 820w, https:\/\/www.albertiapsicologiaysalud.com\/wp-content\/uploads\/no-hacemos-milagros2-300x114.png 300w, https:\/\/www.albertiapsicologiaysalud.com\/wp-content\/uploads\/no-hacemos-milagros2-768x292.png 768w\" sizes=\"(max-width: 615px) 100vw, 615px\" \/><figcaption> <br><strong>S\u00f3lo utilizamos tu potencial para resolver los problemas que te incomodan. <\/strong> <\/figcaption><\/figure><\/div>\n\n<div class=\"wp-block-image is-style-rounded\">\n<figure class=\"aligncenter is-resized\"><a href=\"https:\/\/www.albertiapsicologiaysalud.com\/?p=7868\"><img loading=\"lazy\" src=\"https:\/\/www.albertiapsicologiaysalud.com\/wp-content\/uploads\/aprende-1024x215.png\" alt=\"\" class=\"wp-image-5033\" width=\"512\" height=\"108\" srcset=\"https:\/\/www.albertiapsicologiaysalud.com\/wp-content\/uploads\/aprende-1024x215.png 1024w, https:\/\/www.albertiapsicologiaysalud.com\/wp-content\/uploads\/aprende-300x63.png 300w, https:\/\/www.albertiapsicologiaysalud.com\/wp-content\/uploads\/aprende-768x161.png 768w\" sizes=\"(max-width: 512px) 100vw, 512px\" \/><\/a><\/figure><\/div>\n\n\n<p class=\"has-text-align-center has-very-light-gray-background-color has-background\" style=\"font-size:15px\">Desde la intervenci\u00f3n, te ense\u00f1amos a identificar y manejar las emociones como sistemas sofisticados de procesamiento de la informaci\u00f3n,  esquemas que te resulten dificultosos, pautas de pensamiento y conductas que te preocupen, as\u00ed como las causas de los desacuerdos interpersonales o problemas con tus relaciones con los dem\u00e1s.<\/p>\n\n\n\n<figure class=\"wp-block-image is-resized is-style-rounded\"><a href=\"https:\/\/www.albertiapsicologiaysalud.com\/?p=8962\"><img loading=\"lazy\" src=\"https:\/\/www.albertiapsicologiaysalud.com\/wp-content\/uploads\/81-1024x215.png\" alt=\"\" class=\"wp-image-5031\" width=\"512\" height=\"108\" srcset=\"https:\/\/www.albertiapsicologiaysalud.com\/wp-content\/uploads\/81-1024x215.png 1024w, https:\/\/www.albertiapsicologiaysalud.com\/wp-content\/uploads\/81-300x63.png 300w, https:\/\/www.albertiapsicologiaysalud.com\/wp-content\/uploads\/81-768x161.png 768w\" sizes=\"(max-width: 512px) 100vw, 512px\" \/><\/a><figcaption> <strong>Ante las adversidades y desde el primer momento de malestar emocional <\/strong><br><strong>Atenci\u00f3n psicol\u00f3gica especializada para tomar las riendas de tu vida. <\/strong> <br><a href=\"mailto:psicologia.eescobar@gmail.com?Subject=interesado%20en%20sus%20servicios psico\">psicologia.eescobar@gmail.com<\/a> <br><\/figcaption><\/figure>\n\n\n\n<figure class=\"wp-block-image\"><img loading=\"lazy\" width=\"1024\" height=\"215\" src=\"https:\/\/www.albertiapsicologiaysalud.com\/wp-content\/uploads\/algu-1024x215.png\" alt=\"\" class=\"wp-image-5231\" srcset=\"https:\/\/www.albertiapsicologiaysalud.com\/wp-content\/uploads\/algu-1024x215.png 1024w, https:\/\/www.albertiapsicologiaysalud.com\/wp-content\/uploads\/algu-300x63.png 300w, https:\/\/www.albertiapsicologiaysalud.com\/wp-content\/uploads\/algu-768x161.png 768w\" sizes=\"(max-width: 1024px) 100vw, 1024px\" \/><figcaption><strong>Aplicando t\u00e9cnicas psicol\u00f3gicas a casos concretos trabajamos para la&nbsp;<\/strong><\/figcaption><\/figure>\n\n\n\n<ul style=\"font-size:15px\"><li><strong>Inestabilidad en&nbsp;tu&nbsp;vida.<\/strong><\/li><li>Angustia.<\/li><li><strong>P\u00e9rdida&nbsp;de&nbsp;seguridad&nbsp;en&nbsp;ti&nbsp;mismo\/a.<\/strong><\/li><li>Bloqueo y\/o dependencia emocional.<\/li><li><strong>Rupturas.<\/strong><\/li><li>Ansiedad.<\/li><li><strong>Adaptaci\u00f3n a las p\u00e9rdidas y\/o da\u00f1os.<\/strong><\/li><li>Futuro y\/o inestabilidad laboral. Paro. <\/li><li><strong>Afectaci\u00f3n a tu car\u00e1cter y tus relaciones.<\/strong><\/li><\/ul>\n\n\n\n<p class=\"has-very-light-gray-background-color has-background\" style=\"font-size:14px\">Consulta nuestros recursos de psicolog\u00eda y util\u00edzalos cuantas veces quieras y requieras para saber como afrontar la situaci\u00f3n en la que est\u00e1s &#8230;\u00bfqu\u00e9 decides..?<\/p>\n\n\n\n<ul style=\"font-size:15px\"><li><strong>Te har\u00e1n sanar y crecer personal y emocionalmente. <\/strong><\/li><li>Tu y tu familia, notar\u00e9is la diferencia. <\/li><li><strong>Atr\u00e9vete a ser feliz y a tomar el control de tu vida<\/strong><\/li><\/ul>\n\n\n\n<figure class=\"wp-block-image is-resized is-style-rounded\"><img loading=\"lazy\" src=\"https:\/\/www.albertiapsicologiaysalud.com\/wp-content\/uploads\/5tris-1024x215.png\" alt=\"\" class=\"wp-image-5036\" width=\"768\" height=\"161\" srcset=\"https:\/\/www.albertiapsicologiaysalud.com\/wp-content\/uploads\/5tris-1024x215.png 1024w, https:\/\/www.albertiapsicologiaysalud.com\/wp-content\/uploads\/5tris-300x63.png 300w, https:\/\/www.albertiapsicologiaysalud.com\/wp-content\/uploads\/5tris-768x161.png 768w\" sizes=\"(max-width: 768px) 100vw, 768px\" \/><figcaption> <strong>625 988 100<\/strong> <br><a href=\"mailto:psicologia.eescobar@gmail.com?Subject=interesado%20en%20sus%20servicios psico\">psicologia.eescobar@gmail.com<\/a> <br><strong>Albertia Psicolog\u00eda, Salud y Bienestar<\/strong> <strong>Emocional<\/strong><\/figcaption><\/figure>\n","protected":false},"excerpt":{"rendered":"<p>Nuestros servicios est\u00e1n orientados a la atenci\u00f3n, tratamiento y gesti\u00f3n del bienestar psicol\u00f3gico.<br \/>\nLa ansiedad, el estr\u00e9s o miedos que te generen las situaciones que est\u00e9s viviendo o un malestar que no entiendes muy bien de donde viene, pueden tratarse desde la psicolog\u00eda.<br \/>\nNuestro objetivo es tu bienestar psicol\u00f3gico y emocional, recuperar la vitalidad y mantener la mente sana. Pedir ayuda el es primer paso para encontar el bienestar. <\/p>\n","protected":false},"author":1,"featured_media":7938,"parent":0,"menu_order":6,"comment_status":"closed","ping_status":"closed","template":"","meta":[],"_links":{"self":[{"href":"https:\/\/www.albertiapsicologiaysalud.com\/index.php?rest_route=\/wp\/v2\/pages\/3183"}],"collection":[{"href":"https:\/\/www.albertiapsicologiaysalud.com\/index.php?rest_route=\/wp\/v2\/pages"}],"about":[{"href":"https:\/\/www.albertiapsicologiaysalud.com\/index.php?rest_route=\/wp\/v2\/types\/page"}],"author":[{"embeddable":true,"href":"https:\/\/www.albertiapsicologiaysalud.com\/index.php?rest_route=\/wp\/v2\/users\/1"}],"replies":[{"embeddable":true,"href":"https:\/\/www.albertiapsicologiaysalud.com\/index.php?rest_route=%2Fwp%2Fv2%2Fcomments&post=3183"}],"version-history":[{"count":116,"href":"https:\/\/www.albertiapsicologiaysalud.com\/index.php?rest_route=\/wp\/v2\/pages\/3183\/revisions"}],"predecessor-version":[{"id":9497,"href":"https:\/\/www.albertiapsicologiaysalud.com\/index.php?rest_route=\/wp\/v2\/pages\/3183\/revisions\/9497"}],"wp:featuredmedia":[{"embeddable":true,"href":"https:\/\/www.albertiapsicologiaysalud.com\/index.php?rest_route=\/wp\/v2\/media\/7938"}],"wp:attachment":[{"href":"https:\/\/www.albertiapsicologiaysalud.com\/index.php?rest_route=%2Fwp%2Fv2%2Fmedia&parent=3183"}],"curies":[{"name":"wp","href":"https:\/\/api.w.org\/{rel}","templated":true}]}}