{"id":3208,"date":"2019-05-07T16:05:37","date_gmt":"2019-05-07T16:05:37","guid":{"rendered":"http:\/\/www.albertiapsicologiaysalud.com\/?page_id=3208"},"modified":"2024-08-14T17:51:30","modified_gmt":"2024-08-14T17:51:30","slug":"neonat-infertilidad","status":"publish","type":"page","link":"https:\/\/www.albertiapsicologiaysalud.com\/?page_id=3208","title":{"rendered":"Proyecto Neonat-Infertilidad"},"content":{"rendered":"<div class=\"wp-block-image is-style-default\">\n<figure class=\"aligncenter is-resized\"><img loading=\"lazy\" src=\"https:\/\/www.albertiapsicologiaysalud.com\/wp-content\/uploads\/1-8-1024x576.png\" alt=\"\" class=\"wp-image-7942\" width=\"512\" height=\"288\" srcset=\"https:\/\/www.albertiapsicologiaysalud.com\/wp-content\/uploads\/1-8-1024x576.png 1024w, https:\/\/www.albertiapsicologiaysalud.com\/wp-content\/uploads\/1-8-300x169.png 300w, https:\/\/www.albertiapsicologiaysalud.com\/wp-content\/uploads\/1-8-768x432.png 768w, https:\/\/www.albertiapsicologiaysalud.com\/wp-content\/uploads\/1-8.png 1920w\" sizes=\"(max-width: 512px) 100vw, 512px\" \/><figcaption> <br><strong><a rel=\"noreferrer noopener\" href=\"https:\/\/www.facebook.com\/neonatinfertilidad\/?modal=admin_todo_tour\" target=\"_blank\">\u00bfConoces Neonat-Infertilidad?<\/a><\/strong><br><br><a href=\"mailto:psicologia.escobar@gmail.com?Subject= interesado en fertilidad\">psicologia.escobar@gmail.com<\/a><br><\/figcaption><\/figure><\/div>\n\n<div class=\"wp-block-image\">\n<figure class=\"aligncenter is-resized\"><img loading=\"lazy\" src=\"https:\/\/www.albertiapsicologiaysalud.com\/wp-content\/uploads\/2-5-1024x576.png\" alt=\"\" class=\"wp-image-7944\" width=\"512\" height=\"288\" srcset=\"https:\/\/www.albertiapsicologiaysalud.com\/wp-content\/uploads\/2-5-1024x576.png 1024w, https:\/\/www.albertiapsicologiaysalud.com\/wp-content\/uploads\/2-5-300x169.png 300w, https:\/\/www.albertiapsicologiaysalud.com\/wp-content\/uploads\/2-5-768x432.png 768w, https:\/\/www.albertiapsicologiaysalud.com\/wp-content\/uploads\/2-5.png 1920w\" sizes=\"(max-width: 512px) 100vw, 512px\" \/><\/figure><\/div>\n\n\n<figure class=\"wp-block-image is-resized\"><img loading=\"lazy\" src=\"https:\/\/www.albertiapsicologiaysalud.com\/wp-content\/uploads\/4-1-1024x576.png\" alt=\"\" class=\"wp-image-7947\" width=\"768\" height=\"432\" srcset=\"https:\/\/www.albertiapsicologiaysalud.com\/wp-content\/uploads\/4-1-1024x576.png 1024w, https:\/\/www.albertiapsicologiaysalud.com\/wp-content\/uploads\/4-1-300x169.png 300w, https:\/\/www.albertiapsicologiaysalud.com\/wp-content\/uploads\/4-1-768x432.png 768w, https:\/\/www.albertiapsicologiaysalud.com\/wp-content\/uploads\/4-1.png 1920w\" sizes=\"(max-width: 768px) 100vw, 768px\" \/><\/figure>\n\n\n\n<figure class=\"wp-block-image is-resized\"><img loading=\"lazy\" src=\"https:\/\/www.albertiapsicologiaysalud.com\/wp-content\/uploads\/5-2-1024x576.png\" alt=\"La infertilidad es una enfermedad que afecta a la capacidad reproductora alterando la concepci\u00f3n de &quot;familia&quot; que pueda tener la pareja\" class=\"wp-image-7949\" width=\"768\" height=\"432\" srcset=\"https:\/\/www.albertiapsicologiaysalud.com\/wp-content\/uploads\/5-2-1024x576.png 1024w, https:\/\/www.albertiapsicologiaysalud.com\/wp-content\/uploads\/5-2-300x169.png 300w, https:\/\/www.albertiapsicologiaysalud.com\/wp-content\/uploads\/5-2-768x432.png 768w, https:\/\/www.albertiapsicologiaysalud.com\/wp-content\/uploads\/5-2.png 1920w\" sizes=\"(max-width: 768px) 100vw, 768px\" \/><\/figure>\n\n\n\n<p class=\"has-very-light-gray-background-color has-background\" style=\"font-size:15px\">Las repercusiones a nivel personal y de pareja suelen ser patentes y manifestarse por ejemplo trayendo a plimer plano el concepto de \u00abausencia de paternidad\u00bb lo que pudiera generar una crisis continua y un alto deseo de paternida\/maternidad biol\u00f3gica.<\/p>\n\n\n\n<p style=\"font-size:15px\">Esta situaci\u00f3n, aunque no siempre afecta a las p\u00e0rejas por igual, puede manifestarse en un grupo de ellas y llegar a necesitar ayuda psicol\u00f3gica, acompa\u00f1amiento y orientaci\u00f3n sobre las situaciones personales que conlleva la ausencia de un hijo biol\u00f3gico y sus efectos, relaciones sociales empobrecidas o aspectos relacionados con el tratamiento o la toma de decisiones.<\/p>\n\n\n\n<p class=\"has-very-light-gray-background-color has-background\" style=\"font-size:15px\">Los objetivos del profesional de psicolog\u00eda se orientan a realizar una tarea preventiva de posibles&nbsp;alteraciones emocionales derivadas de las &nbsp;dificultades reproductivas y a intervenir en las situaciones en las que se detectaran desajustes en la persona o la pareja. <\/p>\n\n\n\n<p style=\"font-size:15px\">Se trata de facilitar informaci\u00f3n sobre c\u00f3mo el diagn\u00f3stico&nbsp;y el tratamiento de infertilidad, conlleva un proceso tanto f\u00edsico como emocional por lo que atender a ambos aspectos supone&nbsp;mantener un estado de salud y bienestar psicol\u00f3gico que sin duda repercutir\u00e1 tanto si consiguen el hijo como si no.<\/p>\n\n\n\n<p class=\"has-background\" style=\"background-color:#f4f3f3;font-size:15px\"><a href=\"https:\/\/www.albertiapsicologiaysalud.com\/wp-content\/uploads\/2013\/11\/espermatozoide.jpg\"><\/a>Este proceso obliga a un replanteamiento del plan de vida y a una toma de decisiones importantes sobre el mismo. Ahora bien, esta crisis, que se puede valorar como importante en la vida de una persona, en cuanto que le enfrenta consigo mismo al replantearse valores y decisiones vitales que no siempre hab\u00edan estado explicitados anteriormente, no tendr\u00e1 por qu\u00e9 convertirse necesariamente en una crisis vital grave pero conviene ajustar la situaci\u00f3n a la realidad y a la pareja.<\/p>\n\n\n\n<figure class=\"wp-block-image is-resized\"><img loading=\"lazy\" src=\"https:\/\/www.albertiapsicologiaysalud.com\/wp-content\/uploads\/1-3-1024x215.png\" alt=\"\" class=\"wp-image-5009\" width=\"840\" height=\"176\" srcset=\"https:\/\/www.albertiapsicologiaysalud.com\/wp-content\/uploads\/1-3-1024x215.png 1024w, https:\/\/www.albertiapsicologiaysalud.com\/wp-content\/uploads\/1-3-300x63.png 300w, https:\/\/www.albertiapsicologiaysalud.com\/wp-content\/uploads\/1-3-768x161.png 768w\" sizes=\"(max-width: 840px) 100vw, 840px\" \/><figcaption> <br><strong>\u00bfQuieres conocer nuestra forma de intervenir?<\/strong><br><a href=\"mailto:psicologia.eescobar@gmail.com?subject=interesado%20en%20sus%20servicios%20fertilidad\">psicologia.eescobar@gmail.com<\/a><br><a href=\"mailto:info@neonat.es\"><\/a><\/figcaption><\/figure>\n\n\n\n<p class=\"has-text-align-center\" style=\"font-size:15px\">Las experiencias que seguro conoces sobre la infertilidad y sus consecuencias nos hacen recomendar la intervenci\u00f3n  durante los procesos y etapas para su estabilizaci\u00f3n desde el acompa\u00f1amiento terap\u00e9utico.  Nuestra forma de intervenir<\/p>\n\n\n\n<p class=\"has-text-align-center\"><strong>Acompa\u00f1amos a la persona. <\/strong><\/p>\n\n\n\n<p class=\"has-text-align-center\" style=\"font-size:15px\">     <strong> Acompa\u00f1amos a la familia.        <\/strong><\/p>\n\n\n\n<p class=\"has-text-align-center\">  <strong>Creamos comunidad.<\/strong><\/p>\n\n\n\n<p style=\"font-size:15px\">Te acompa\u00f1amos durante el proceso de reproducci\u00f3n con distintos servicios y recursos que te dar\u00e1n tranquilidad y facilidades durante todo el proceso.Te aseguramos un proceso planificado y controlado, acompa\u00f1ado en todo momento por un grupo de expertos profesionales que te garantizan tranquilidad, confianza, equilibrio y bienestar. <\/p>\n\n\n<div class=\"wp-block-image\">\n<figure class=\"aligncenter\"><img loading=\"lazy\" width=\"1024\" height=\"215\" src=\"https:\/\/www.albertiapsicologiaysalud.com\/wp-content\/uploads\/8-1024x215.png\" alt=\"\" class=\"wp-image-5010\" srcset=\"https:\/\/www.albertiapsicologiaysalud.com\/wp-content\/uploads\/8-1024x215.png 1024w, https:\/\/www.albertiapsicologiaysalud.com\/wp-content\/uploads\/8-300x63.png 300w, https:\/\/www.albertiapsicologiaysalud.com\/wp-content\/uploads\/8-768x161.png 768w\" sizes=\"(max-width: 1024px) 100vw, 1024px\" \/><figcaption> <strong>Conocerte y determinar c\u00f3mo os est\u00e1 afectando el problema<\/strong><br><a href=\"mailto:psicologia.eescobar@gmail.com?Subject=acompa\u00f1amiento en fertilidad\">psicologia.eescobar@gmail.com<\/a>  <\/figcaption><\/figure><\/div>\n\n\n<p style=\"font-size:12px\">Lo primero es conocerte, averiguar en el momento del proceso que os encontr\u00e1is y ver c\u00f3mo podemos ayudarte y ayudaros.<\/p>\n\n\n<div class=\"wp-block-image\">\n<figure class=\"aligncenter\"><img loading=\"lazy\" width=\"1024\" height=\"215\" src=\"https:\/\/www.albertiapsicologiaysalud.com\/wp-content\/uploads\/3-1-1024x215.png\" alt=\"\" class=\"wp-image-5012\" srcset=\"https:\/\/www.albertiapsicologiaysalud.com\/wp-content\/uploads\/3-1-1024x215.png 1024w, https:\/\/www.albertiapsicologiaysalud.com\/wp-content\/uploads\/3-1-300x63.png 300w, https:\/\/www.albertiapsicologiaysalud.com\/wp-content\/uploads\/3-1-768x161.png 768w\" sizes=\"(max-width: 1024px) 100vw, 1024px\" \/><figcaption> <br><strong>Toma de decisiones<\/strong><br><a href=\"mailto:psicologia.eescobar@gmail.com?Subject=acompa\u00f1amiento en fertilidad\"> psicologia.eescobar@gmail.com<\/a><\/figcaption><\/figure><\/div>\n\n\n<p style=\"font-size:15px\">En este momento cuando la respuesta a las pruebas de infertilidad no es la que esperabais y\/o en la etapa de toma de decisiones en el proceso te acompa\u00f1amos, aportando el conocimiento y experiencia psicol\u00f3gica y apoyo emocional y el manejo de la ansiedad. <\/p>\n\n\n\n<figure class=\"wp-block-image\"><img loading=\"lazy\" width=\"1024\" height=\"215\" src=\"https:\/\/www.albertiapsicologiaysalud.com\/wp-content\/uploads\/5-1-1024x215.png\" alt=\"\" class=\"wp-image-5013\" srcset=\"https:\/\/www.albertiapsicologiaysalud.com\/wp-content\/uploads\/5-1-1024x215.png 1024w, https:\/\/www.albertiapsicologiaysalud.com\/wp-content\/uploads\/5-1-300x63.png 300w, https:\/\/www.albertiapsicologiaysalud.com\/wp-content\/uploads\/5-1-768x161.png 768w\" sizes=\"(max-width: 1024px) 100vw, 1024px\" \/><figcaption>  <strong>Plan de bienestar personal y de pareja<\/strong><br> <a href=\"mailto:psicologia.eescobar@gmail.com?Subject=acompa\u00f1amiento en fertilidad\">psicologia.eescobar@gmail.com<\/a>   <\/figcaption><\/figure>\n\n\n\n<p style=\"font-size:15px\">Porque sabemos lo que supone para ti este paso y porque te gustar\u00eda afrontarlo desde la tranquilidad, sentirte acompa\u00f1ada y entender lo que te est\u00e1 ocurriendo, co-dise\u00f1amos contigo un plan personalizado ajustado a tus necesidades priorizando en todo momento el bienestar de la persona y la pareja.  Asesoramiento e intervenci\u00f3n incluido.<\/p>\n\n\n<div class=\"wp-block-image\">\n<figure class=\"aligncenter is-resized\"><img loading=\"lazy\" src=\"https:\/\/www.albertiapsicologiaysalud.com\/wp-content\/uploads\/6-1024x215.png\" alt=\"\" class=\"wp-image-5014\" width=\"184\" height=\"38\" srcset=\"https:\/\/www.albertiapsicologiaysalud.com\/wp-content\/uploads\/6-1024x215.png 1024w, https:\/\/www.albertiapsicologiaysalud.com\/wp-content\/uploads\/6-300x63.png 300w, https:\/\/www.albertiapsicologiaysalud.com\/wp-content\/uploads\/6-768x161.png 768w\" sizes=\"(max-width: 184px) 100vw, 184px\" \/><figcaption> <strong>Siempre contigo para tu tranquilidad<\/strong><br><a href=\"mailto:psicologia.eescobar@gmail.com?Subject=acompa\u00f1amiento en fertilidad\">psicologia.eescobar@gmail.com   <\/a><\/figcaption><\/figure><\/div>\n\n\n<p style=\"font-size:15px\">Porque para ti y tu pareja es importante el camino que hab\u00e9is emprendido, nosotros atendemos esta prioridad desde el primer momento, proporcionando herramientas de adaptaci\u00f3n a esta nueva situaci\u00f3n que te acompa\u00f1en a superar los posibles desajustes que vayas experimentando en el camino de la reproducci\u00f3n asistida. <\/p>\n\n\n\n<p style=\"font-size:15px\">La experiencia personal y de pareja de la reproducci\u00f3n asistida conlleva tener que resolver  algunas dificultades que pudieran suponer malestar psicol\u00f3gico como Enfado, Temor al futuro, Ansiedad, Estr\u00e9s. <\/p>\n\n\n\n<p style=\"font-size:15px\">Te proporcionamos un espacio id\u00f3neo para resolverlos y sentir la seguridad que necesitas en estos momentos desde  nuestro equipo de profesionales siempre dispuestos a ayudarte. <\/p>\n\n\n<div class=\"wp-block-image\">\n<figure class=\"aligncenter\"><img loading=\"lazy\" width=\"1024\" height=\"215\" src=\"https:\/\/www.albertiapsicologiaysalud.com\/wp-content\/uploads\/9-1024x215.png\" alt=\"\" class=\"wp-image-5015\" srcset=\"https:\/\/www.albertiapsicologiaysalud.com\/wp-content\/uploads\/9-1024x215.png 1024w, https:\/\/www.albertiapsicologiaysalud.com\/wp-content\/uploads\/9-300x63.png 300w, https:\/\/www.albertiapsicologiaysalud.com\/wp-content\/uploads\/9-768x161.png 768w\" sizes=\"(max-width: 1024px) 100vw, 1024px\" \/><figcaption> 625 988 100<br> <a href=\"mailto:psicologia.eescobar@gmail.com?Subject=acompa\u00f1amiento en fertilidad\">psicologia.eescobar@gmail.com<\/a> <br>No importa en qu\u00e9 momento est\u00e1is&#8230;podemos intervenir en cualquier etapa del proceso<br>                                           <strong>Los servicios y recursos de Neonat-Infertilidad est\u00e1n atendidos por profesionales colegiados.   <\/strong>  <\/figcaption><\/figure><\/div>\n\n\n<p style=\"font-size:15px\">Sabemos que la etapa puede ser larga y que pueden surgir imprevistos por lo que te acompa\u00f1amos durante el tiempo que necesites despu\u00e9s de finalizar el proceso para tu tranquilidad y seguridad. <br>Consulta nuestras condiciones.    <\/p>\n\n\n<div class=\"wp-block-image\">\n<figure class=\"aligncenter is-resized\"><img loading=\"lazy\" src=\"https:\/\/www.albertiapsicologiaysalud.com\/wp-content\/uploads\/imagen.png\" alt=\"\" class=\"wp-image-4043\" width=\"351\" height=\"28\"\/><figcaption>Extracto de varias comunicaciones y diversos profesionales: Rosario Antequera Jurado, Carmen Moreno Rosset, Cristina Jenaro R\u00edo, Alejandro \u00c1vila Espada entre otros.<\/figcaption><\/figure><\/div>\n\n\n<h6 class=\"has-text-align-center\"><br><\/h6>\n\n\n\n<h2><br><\/h2>\n","protected":false},"excerpt":{"rendered":"<p>Las experiencias que seguro conoces sobre la infertilidad y sus consecuencias nos hacen recomendar la intervenci\u00f3n  durante los procesos y etapas para su estabilizaci\u00f3n desde el acompa\u00f1amiento terap\u00e9utico.<\/p>\n","protected":false},"author":2,"featured_media":2391,"parent":0,"menu_order":4,"comment_status":"closed","ping_status":"closed","template":"","meta":[],"_links":{"self":[{"href":"https:\/\/www.albertiapsicologiaysalud.com\/index.php?rest_route=\/wp\/v2\/pages\/3208"}],"collection":[{"href":"https:\/\/www.albertiapsicologiaysalud.com\/index.php?rest_route=\/wp\/v2\/pages"}],"about":[{"href":"https:\/\/www.albertiapsicologiaysalud.com\/index.php?rest_route=\/wp\/v2\/types\/page"}],"author":[{"embeddable":true,"href":"https:\/\/www.albertiapsicologiaysalud.com\/index.php?rest_route=\/wp\/v2\/users\/2"}],"replies":[{"embeddable":true,"href":"https:\/\/www.albertiapsicologiaysalud.com\/index.php?rest_route=%2Fwp%2Fv2%2Fcomments&post=3208"}],"version-history":[{"count":63,"href":"https:\/\/www.albertiapsicologiaysalud.com\/index.php?rest_route=\/wp\/v2\/pages\/3208\/revisions"}],"predecessor-version":[{"id":9269,"href":"https:\/\/www.albertiapsicologiaysalud.com\/index.php?rest_route=\/wp\/v2\/pages\/3208\/revisions\/9269"}],"wp:featuredmedia":[{"embeddable":true,"href":"https:\/\/www.albertiapsicologiaysalud.com\/index.php?rest_route=\/wp\/v2\/media\/2391"}],"wp:attachment":[{"href":"https:\/\/www.albertiapsicologiaysalud.com\/index.php?rest_route=%2Fwp%2Fv2%2Fmedia&parent=3208"}],"curies":[{"name":"wp","href":"https:\/\/api.w.org\/{rel}","templated":true}]}}