{"id":3278,"date":"2019-05-26T11:48:49","date_gmt":"2019-05-26T11:48:49","guid":{"rendered":"http:\/\/www.albertiapsicologiaysalud.com\/?page_id=3278"},"modified":"2024-08-14T15:44:26","modified_gmt":"2024-08-14T15:44:26","slug":"quien-soy","status":"publish","type":"page","link":"https:\/\/www.albertiapsicologiaysalud.com\/?page_id=3278","title":{"rendered":"Sobre m\u00ed"},"content":{"rendered":"\n<div class=\"wp-block-cover is-light\"><span aria-hidden=\"true\" class=\"wp-block-cover__background has-background-dim\"><\/span><img loading=\"lazy\" width=\"1152\" height=\"2560\" class=\"wp-block-cover__image-background wp-image-9175\" alt=\"\" src=\"https:\/\/www.albertiapsicologiaysalud.com\/wp-content\/uploads\/FOTO-1-scaled.jpg\" style=\"object-position:58% 42%\" data-object-fit=\"cover\" data-object-position=\"58% 42%\" srcset=\"https:\/\/www.albertiapsicologiaysalud.com\/wp-content\/uploads\/FOTO-1-scaled.jpg 1152w, https:\/\/www.albertiapsicologiaysalud.com\/wp-content\/uploads\/FOTO-1-135x300.jpg 135w, https:\/\/www.albertiapsicologiaysalud.com\/wp-content\/uploads\/FOTO-1-461x1024.jpg 461w, https:\/\/www.albertiapsicologiaysalud.com\/wp-content\/uploads\/FOTO-1-768x1707.jpg 768w, https:\/\/www.albertiapsicologiaysalud.com\/wp-content\/uploads\/FOTO-1-691x1536.jpg 691w, https:\/\/www.albertiapsicologiaysalud.com\/wp-content\/uploads\/FOTO-1-922x2048.jpg 922w\" sizes=\"(max-width: 1152px) 100vw, 1152px\" \/><div class=\"wp-block-cover__inner-container\">\n<p><\/p>\n\n\n\n<p>Mino<\/p>\n\n\n\n<p><\/p>\n\n\n\n<p class=\"has-white-color has-text-color\">Mi nombre es <\/p>\n\n\n\n<p class=\"has-white-color has-text-color\">M. Elena Escobar Albert\u00edn.   <\/p>\n\n\n\n<p class=\"has-white-color has-text-color\">Psic\u00f3loga A-01944<\/p>\n\n\n\n<p class=\"has-text-align-left has-white-color has-text-color\">                     <\/p>\n\n\n\n<p class=\"has-text-align-left has-white-color has-text-color\">Este es mi proyecto personal y profesional<\/p>\n\n\n\n<p class=\"has-white-color has-text-color\">    Espero poder ayudarte<\/p>\n<\/div><\/div>\n\n\n\n<p><\/p>\n\n\n\n<p class=\"has-text-align-center has-very-dark-gray-color has-text-color\" style=\"font-size:15px\">Tengo una larga trayectoria de trabajo y experiencia en aspectos relacionados con la <strong>reproducci\u00f3n y maternidad <\/strong>acompa\u00f1ando a la persona en etapas posteriores como la <strong>adolescencia<\/strong>, la formaci\u00f3n y consolidaci\u00f3n de la vida en <strong>pareja,<\/strong> etapa intermedia de la <strong>vida o adulta, y envejecimiento.<\/strong> <\/p>\n\n\n\n<p class=\"has-text-align-center has-text-color\" style=\"color:#133e77;font-size:15px\"><strong>Del mismo modo en el acompa\u00f1amiento a las familias en los distintos retos que les plantea la vida.<\/strong><\/p>\n\n\n\n<p class=\"has-text-align-center has-very-dark-gray-color has-very-light-gray-background-color has-text-color has-background\" style=\"font-size:15px\">Mi experiencia profesional, laboral y personal me han llevado a desarrollar los Proyectos que quiero presentarte, con la \u00fanica finalidad de acompa\u00f1arte en el logro del deseado equilibrio y bienestar&#8230;tuyo y de tus seres queridos. <\/p>\n\n\n\n<p class=\"has-text-align-center\" style=\"font-size:15px\">La finalidad de mis propuestas y proyectos es, estar cerca de las personas que pudieran necesitar apoyo para resolver las situaciones, transitorias o m\u00e1s profundas y que le afectan en cualquier momento de su vida.<\/p>\n\n\n\n<p class=\"has-text-align-center has-very-dark-gray-color has-very-light-gray-background-color has-text-color has-background\" style=\"font-size:15px\">Para cumplirlo, los proyectos que he dise\u00f1ado, tienen el prop\u00f3sito de apoyarte en todas las situaciones que nos plantees estudiando las necesidades, preferencias, capacidades, recursos y estado de salud con la finalidad de resolver las situaciones que nos plantean .<\/p>\n\n\n\n<p class=\"has-text-align-center\" style=\"font-size:15px\">En cada una de las situaciones encontraras apoyo, orientaci\u00f3n y tratamiento profesional cerca de ti, atendiendo las m\u00faltiples situaciones en la pudieras mejorar el bienestar y recuperar el equilibrio tan importante y necesario para el desarrollo de tus objetivos vitales . <\/p>\n\n\n\n<p class=\"has-text-align-center has-very-dark-gray-color has-very-light-gray-background-color has-text-color has-background\" style=\"font-size:15px\">Mi objetivo es que, cuanto m\u00e1s saludable, equilibrada y armoniosa sea tu vida, mayor ser\u00e1 tu sensaci\u00f3n de bienestar, plenitud y felicidad. \u00bfTe interesa conseguirlo\u2026? <\/p>\n\n\n\n<p class=\"has-text-align-center\" style=\"font-size:15px\">Espero que nuestro trabajo sea de tu agrado.   <\/p>\n\n\n\n<p class=\"has-text-align-center has-very-dark-gray-color has-text-color\" style=\"font-size:15px\">No olvides que&#8230;pedir ayuda, es el primer paso para resolver lo que te preocupa.<\/p>\n\n\n<div class=\"wp-block-image is-style-rounded\">\n<figure class=\"aligncenter\"><img loading=\"lazy\" width=\"1024\" height=\"215\" src=\"https:\/\/www.albertiapsicologiaysalud.com\/wp-content\/uploads\/para-ti-1-1024x215.png\" alt=\"\" class=\"wp-image-4709\" srcset=\"https:\/\/www.albertiapsicologiaysalud.com\/wp-content\/uploads\/para-ti-1-1024x215.png 1024w, https:\/\/www.albertiapsicologiaysalud.com\/wp-content\/uploads\/para-ti-1-300x63.png 300w, https:\/\/www.albertiapsicologiaysalud.com\/wp-content\/uploads\/para-ti-1-768x161.png 768w\" sizes=\"(max-width: 1024px) 100vw, 1024px\" \/><figcaption><strong> Te atender\u00e9 si pides cita en<\/strong>: <br><a href=\"mailto:psicologia.eescobar@gmail.com\">psicologia.eescobar@gmail.com<\/a><br><br><strong>625 988 100   <\/strong><br><strong> <\/strong><br><br><\/figcaption><\/figure><\/div>","protected":false},"excerpt":{"rendered":"<p>Mi experiencia profesional, laboral y personal me han llevado a desarrollar los Proyectos que quiero presentarte, con la \u00fanica finalidad de acompa\u00f1arte en el logro del deseado equilibrio y bienestar tuyo y de tus seres queridos. <\/p>\n","protected":false},"author":2,"featured_media":9156,"parent":0,"menu_order":1,"comment_status":"closed","ping_status":"closed","template":"","meta":[],"_links":{"self":[{"href":"https:\/\/www.albertiapsicologiaysalud.com\/index.php?rest_route=\/wp\/v2\/pages\/3278"}],"collection":[{"href":"https:\/\/www.albertiapsicologiaysalud.com\/index.php?rest_route=\/wp\/v2\/pages"}],"about":[{"href":"https:\/\/www.albertiapsicologiaysalud.com\/index.php?rest_route=\/wp\/v2\/types\/page"}],"author":[{"embeddable":true,"href":"https:\/\/www.albertiapsicologiaysalud.com\/index.php?rest_route=\/wp\/v2\/users\/2"}],"replies":[{"embeddable":true,"href":"https:\/\/www.albertiapsicologiaysalud.com\/index.php?rest_route=%2Fwp%2Fv2%2Fcomments&post=3278"}],"version-history":[{"count":103,"href":"https:\/\/www.albertiapsicologiaysalud.com\/index.php?rest_route=\/wp\/v2\/pages\/3278\/revisions"}],"predecessor-version":[{"id":9195,"href":"https:\/\/www.albertiapsicologiaysalud.com\/index.php?rest_route=\/wp\/v2\/pages\/3278\/revisions\/9195"}],"wp:featuredmedia":[{"embeddable":true,"href":"https:\/\/www.albertiapsicologiaysalud.com\/index.php?rest_route=\/wp\/v2\/media\/9156"}],"wp:attachment":[{"href":"https:\/\/www.albertiapsicologiaysalud.com\/index.php?rest_route=%2Fwp%2Fv2%2Fmedia&parent=3278"}],"curies":[{"name":"wp","href":"https:\/\/api.w.org\/{rel}","templated":true}]}}