{"id":3418,"date":"2019-06-04T12:07:06","date_gmt":"2019-06-04T12:07:06","guid":{"rendered":"http:\/\/www.albertiapsicologiaysalud.com\/?page_id=3418"},"modified":"2026-01-04T16:26:51","modified_gmt":"2026-01-04T16:26:51","slug":"que-es-psicologia-salud-y-bienestar","status":"publish","type":"page","link":"https:\/\/www.albertiapsicologiaysalud.com\/","title":{"rendered":""},"content":{"rendered":"\n<figure class=\"wp-block-image is-style-rounded\"><img loading=\"lazy\" width=\"2480\" height=\"520\" src=\"https:\/\/www.albertiapsicologiaysalud.com\/wp-content\/uploads\/ELIGE-RECURSO-SEGUN-TUS-NECESIDADES.-2-2.png\" alt=\"\" class=\"wp-image-7113\" srcset=\"https:\/\/www.albertiapsicologiaysalud.com\/wp-content\/uploads\/ELIGE-RECURSO-SEGUN-TUS-NECESIDADES.-2-2.png 2480w, https:\/\/www.albertiapsicologiaysalud.com\/wp-content\/uploads\/ELIGE-RECURSO-SEGUN-TUS-NECESIDADES.-2-2-300x63.png 300w, https:\/\/www.albertiapsicologiaysalud.com\/wp-content\/uploads\/ELIGE-RECURSO-SEGUN-TUS-NECESIDADES.-2-2-768x161.png 768w, https:\/\/www.albertiapsicologiaysalud.com\/wp-content\/uploads\/ELIGE-RECURSO-SEGUN-TUS-NECESIDADES.-2-2-1024x215.png 1024w\" sizes=\"(max-width: 2480px) 100vw, 2480px\" \/><\/figure>\n\n\n\n<figure class=\"wp-block-image alignwide is-style-rounded\"><img loading=\"lazy\" width=\"1024\" height=\"215\" src=\"https:\/\/www.albertiapsicologiaysalud.com\/wp-content\/uploads\/existere-long-2-1024x215.png\" alt=\"\" class=\"wp-image-7991\" srcset=\"https:\/\/www.albertiapsicologiaysalud.com\/wp-content\/uploads\/existere-long-2-1024x215.png 1024w, https:\/\/www.albertiapsicologiaysalud.com\/wp-content\/uploads\/existere-long-2-300x63.png 300w, https:\/\/www.albertiapsicologiaysalud.com\/wp-content\/uploads\/existere-long-2-768x161.png 768w\" sizes=\"(max-width: 1024px) 100vw, 1024px\" \/><figcaption><a href=\"mailto:psicologia.eescobar@gmail.com?Subject=contacto info\" data-type=\"mailto\" data-id=\"mailto:psicologia.eescobar@gmail.com?Subject=contacto info\">psicologia.eescobar@gmail.com<\/a><\/figcaption><\/figure>\n\n\n\n<p class=\"has-text-align-center has-text-color\" style=\"color:#07155b;font-size:17px\"><strong>Albertia Psicolog\u00eda, Salud y Bienestar Emocional  y&nbsp;Social<\/strong><\/p>\n\n\n\n<p class=\"has-text-align-center\" style=\"font-size:17px\"><strong>Es un proyecto facilitador y de acceso al bienestar.<\/strong><\/p>\n\n\n\n<p class=\"has-text-align-center\" style=\"font-size:15px\">Nuestro proyecto te permite seleccionar entre numerosos recursos el m\u00e1s adecuado a tus necesidades actuales o futuras, personales o familiares, de trabajo o de relaci\u00f3n&#8230; <\/p>\n\n\n\n<div class=\"wp-container-1 wp-block-buttons\">\n<div class=\"wp-block-button is-style-fill\"><a class=\"wp-block-button__link has-midnight-gradient-background has-background\">\u00bfC\u00f3mo lo hacemos?<\/a><\/div>\n<\/div>\n\n\n\n<p class=\"has-text-align-center has-black-color has-white-background-color has-text-color has-background\" style=\"font-size:15px\">Atendiendo las necesidades personales y familiares en todas las etapas del Ciclo Vital a trav\u00e9s del desarrollo de proyectos, intervenciones o acciones que mejoren el <strong><a href=\"https:\/\/www.albertiapsicologiaysalud.com\/?p=8880\">bienestar<\/a>. <\/strong><\/p>\n\n\n\n<p class=\"has-text-align-center\" style=\"font-size:15px\">En ocasiones los adultos resolvemos las situaciones que nos preocupan de tipo personal, familiar, laboral, de pareja&#8230; a la desesperada, sin tener los recursos adecuados para resolverlos y desde afrontamientos no siempre saludables .  <\/p>\n\n\n\n<p class=\"has-text-align-center has-very-dark-gray-color has-white-background-color has-text-color has-background\" style=\"font-size:15px\">Proponemos resolverlos del modo m\u00e1s saludable y adaptativo posible, facilitando el acceso a recursos y servicios desde el acompa\u00f1amiento profesional a las personas y familias con el fin de abordar y resolver aquellas situaciones que les afectan, mantienen o cronifican el problema.<\/p>\n\n\n\n<figure class=\"wp-block-image is-resized is-style-rounded\"><img loading=\"lazy\" src=\"https:\/\/www.albertiapsicologiaysalud.com\/wp-content\/uploads\/ELIGE-RECURSO-SEGUN-TUS-NECESIDADES.--1024x215.png\" alt=\"\" class=\"wp-image-5687\" width=\"768\" height=\"161\" srcset=\"https:\/\/www.albertiapsicologiaysalud.com\/wp-content\/uploads\/ELIGE-RECURSO-SEGUN-TUS-NECESIDADES.--1024x215.png 1024w, https:\/\/www.albertiapsicologiaysalud.com\/wp-content\/uploads\/ELIGE-RECURSO-SEGUN-TUS-NECESIDADES.--300x63.png 300w, https:\/\/www.albertiapsicologiaysalud.com\/wp-content\/uploads\/ELIGE-RECURSO-SEGUN-TUS-NECESIDADES.--768x161.png 768w\" sizes=\"(max-width: 768px) 100vw, 768px\" \/><figcaption><strong>Todos estos proyectos est\u00e1n a tu disposici\u00f3n para dise\u00f1ar entre ambos tu envejecimiento con \u00e9xito.<\/strong><br><a href=\"mailto:psicologia.eescobar@gmail.com?Subject=envejecimiento activo\">psicologia.eescobar@gmail.com<\/a><br><strong><br><\/strong><\/figcaption><\/figure>\n\n\n\n<figure class=\"wp-block-image is-style-rounded\"><img loading=\"lazy\" width=\"1024\" height=\"256\" src=\"https:\/\/www.albertiapsicologiaysalud.com\/wp-content\/uploads\/soluciona-1024x256.png\" alt=\"\" class=\"wp-image-7998\" srcset=\"https:\/\/www.albertiapsicologiaysalud.com\/wp-content\/uploads\/soluciona-1024x256.png 1024w, https:\/\/www.albertiapsicologiaysalud.com\/wp-content\/uploads\/soluciona-300x75.png 300w, https:\/\/www.albertiapsicologiaysalud.com\/wp-content\/uploads\/soluciona-768x192.png 768w, https:\/\/www.albertiapsicologiaysalud.com\/wp-content\/uploads\/soluciona.png 1584w\" sizes=\"(max-width: 1024px) 100vw, 1024px\" \/><\/figure>\n\n\n<div class=\"wp-block-image is-style-rounded\">\n<figure class=\"aligncenter\"><img loading=\"lazy\" width=\"2480\" height=\"520\" src=\"https:\/\/www.albertiapsicologiaysalud.com\/wp-content\/uploads\/saludables-1.png\" alt=\"\" class=\"wp-image-8000\" srcset=\"https:\/\/www.albertiapsicologiaysalud.com\/wp-content\/uploads\/saludables-1.png 2480w, https:\/\/www.albertiapsicologiaysalud.com\/wp-content\/uploads\/saludables-1-300x63.png 300w, https:\/\/www.albertiapsicologiaysalud.com\/wp-content\/uploads\/saludables-1-768x161.png 768w, https:\/\/www.albertiapsicologiaysalud.com\/wp-content\/uploads\/saludables-1-1024x215.png 1024w\" sizes=\"(max-width: 2480px) 100vw, 2480px\" \/><figcaption><strong>Proyectos de Salud y Bienestar Psicol\u00f3gico, Emocional y Social<\/strong>.<br><br>Te atenderemos en el                                                                                                                                                                                                                  <strong>625 988 100<\/strong><br><a href=\"mailto:psicologia.eescobar@gmail.com?subject=contacto\">psicologia.eescobar@gmail.com<\/a><br><br><br><br><\/figcaption><\/figure><\/div>","protected":false},"excerpt":{"rendered":"<p>El Proyecto Psicolog\u00eda Salud y Bienestar tiene una visi\u00f3n amplia de las necesidades de las personas y la familia en todas las etapas de su Ciclo Vital generando el bienestar y equilibrio deseado .   <\/p>\n","protected":false},"author":1,"featured_media":7963,"parent":0,"menu_order":0,"comment_status":"closed","ping_status":"closed","template":"","meta":[],"_links":{"self":[{"href":"https:\/\/www.albertiapsicologiaysalud.com\/index.php?rest_route=\/wp\/v2\/pages\/3418"}],"collection":[{"href":"https:\/\/www.albertiapsicologiaysalud.com\/index.php?rest_route=\/wp\/v2\/pages"}],"about":[{"href":"https:\/\/www.albertiapsicologiaysalud.com\/index.php?rest_route=\/wp\/v2\/types\/page"}],"author":[{"embeddable":true,"href":"https:\/\/www.albertiapsicologiaysalud.com\/index.php?rest_route=\/wp\/v2\/users\/1"}],"replies":[{"embeddable":true,"href":"https:\/\/www.albertiapsicologiaysalud.com\/index.php?rest_route=%2Fwp%2Fv2%2Fcomments&post=3418"}],"version-history":[{"count":357,"href":"https:\/\/www.albertiapsicologiaysalud.com\/index.php?rest_route=\/wp\/v2\/pages\/3418\/revisions"}],"predecessor-version":[{"id":9481,"href":"https:\/\/www.albertiapsicologiaysalud.com\/index.php?rest_route=\/wp\/v2\/pages\/3418\/revisions\/9481"}],"wp:featuredmedia":[{"embeddable":true,"href":"https:\/\/www.albertiapsicologiaysalud.com\/index.php?rest_route=\/wp\/v2\/media\/7963"}],"wp:attachment":[{"href":"https:\/\/www.albertiapsicologiaysalud.com\/index.php?rest_route=%2Fwp%2Fv2%2Fmedia&parent=3418"}],"curies":[{"name":"wp","href":"https:\/\/api.w.org\/{rel}","templated":true}]}}