{"id":5785,"date":"2020-06-13T08:00:26","date_gmt":"2020-06-13T08:00:26","guid":{"rendered":"http:\/\/www.albertiapsicologiaysalud.com\/?page_id=5785"},"modified":"2026-01-04T16:28:30","modified_gmt":"2026-01-04T16:28:30","slug":"modelo-de-atencion","status":"publish","type":"page","link":"https:\/\/www.albertiapsicologiaysalud.com\/?page_id=5785","title":{"rendered":"Modelo de Atenci\u00f3n"},"content":{"rendered":"\n<figure class=\"wp-block-image size-full is-resized is-style-rounded\"><img loading=\"lazy\" src=\"https:\/\/www.albertiapsicologiaysalud.com\/wp-content\/uploads\/feliz-dia-para-cuidarte-2-1024x577-1.png\" alt=\"\" class=\"wp-image-9012\" width=\"512\" height=\"289\" srcset=\"https:\/\/www.albertiapsicologiaysalud.com\/wp-content\/uploads\/feliz-dia-para-cuidarte-2-1024x577-1.png 1024w, https:\/\/www.albertiapsicologiaysalud.com\/wp-content\/uploads\/feliz-dia-para-cuidarte-2-1024x577-1-300x169.png 300w, https:\/\/www.albertiapsicologiaysalud.com\/wp-content\/uploads\/feliz-dia-para-cuidarte-2-1024x577-1-768x433.png 768w\" sizes=\"(max-width: 512px) 100vw, 512px\" \/><figcaption>Proyectos Saludables<\/figcaption><\/figure>\n\n\n\n<div class=\"wp-container-1 wp-block-buttons\">\n<div class=\"wp-block-button\"><a class=\"wp-block-button__link has-midnight-gradient-background has-background\" href=\"https:\/\/www.albertiapsicologiaysalud.com\/\">\u00bfC\u00f3mo podemos ayudarte?<\/a><\/div>\n<\/div>\n\n\n\n<p><\/p>\n\n\n\n<p class=\"has-text-align-center\" style=\"font-size:15px\">Todos los Proyectos que gestionamos promueven los estilos de relaci\u00f3n y  vida saludable de las personas adultas,&nbsp; as\u00ed como la&nbsp; aplicaci\u00f3n de  intervenciones, t\u00e9cnicas y terapias especializadas para resolver las  situaciones que lo requieran. <\/p>\n\n\n\n<p class=\"has-text-align-center has-very-light-gray-background-color has-background\" style=\"font-size:15px\">Nuestro modelo de trabajo se ajusta a la situaci\u00f3n que plantea la persona cuando solicita nuestros servicios de salud mental, emocional, personal, de relaciones, \u00e1mbito laboral y\/o conductual, incorporando de forma escalonada de la intervenci\u00f3n psicol\u00f3gica, seg\u00fan el cuadro cl\u00ednico, la intensidad y severidad de la situaci\u00f3n, problema o multiproblema. <\/p>\n\n\n\n<p class=\"has-text-align-center\" style=\"font-size:15px\">Todo ello con el objetivo dise\u00f1ar, para cada paciente, la estrategia de intervenci\u00f3n que tenga el mayor beneficio posible, considerando las caracter\u00edsticas particulares de cada individuo y su situaci\u00f3n .<\/p>\n\n\n\n<p class=\"has-text-align-center has-very-light-gray-background-color has-background\" style=\"font-size:15px\">Las sesiones tienen la duraci\u00f3n y frecuencia que cada caso requiere, sin someterse a otro condicionamiento que no sea el de atender las demandas que cada persona trae a la consulta.<\/p>\n\n\n\n<p class=\"has-text-align-center has-text-color\" style=\"color:#133e77;font-size:15px\"><strong>Seguimiento regular<\/strong><\/p>\n\n\n\n<p class=\"has-text-align-center has-very-light-gray-background-color has-background\" style=\"font-size:15px\">Espero que puedas encontrar el recurso que necesitas. Ll\u00e1manos o contacta conmigo y te atenderemos<\/p>\n\n\n<div class=\"wp-block-image\">\n<figure class=\"aligncenter is-resized\"><img loading=\"lazy\" src=\"https:\/\/www.albertiapsicologiaysalud.com\/wp-content\/uploads\/5tris-1024x215.png\" alt=\"Esta imagen tiene un atributo ALT vac\u00edo; su nombre de archivo es 5tris-1024x215.png\" width=\"768\" height=\"161\"\/><figcaption><strong> 625 988 100<\/strong><br><a href=\"mailto:psicologia.eescobar@gmail.com?Subject=interesado%20en%20sus%20servicios\"> psicologia.eescobar@gmail.com<\/a><br> <br> <\/figcaption><\/figure><\/div>","protected":false},"excerpt":{"rendered":"<p>Nuestro objetivo es atender a cada paciente, proponiendo la estrategia psicol\u00f3gica de intervenci\u00f3n que mayor beneficio le pueda reportar, considerando las caracter\u00edsticas particulares y su situaci\u00f3n vivencial .<\/p>\n","protected":false},"author":2,"featured_media":7638,"parent":0,"menu_order":0,"comment_status":"closed","ping_status":"closed","template":"","meta":[],"_links":{"self":[{"href":"https:\/\/www.albertiapsicologiaysalud.com\/index.php?rest_route=\/wp\/v2\/pages\/5785"}],"collection":[{"href":"https:\/\/www.albertiapsicologiaysalud.com\/index.php?rest_route=\/wp\/v2\/pages"}],"about":[{"href":"https:\/\/www.albertiapsicologiaysalud.com\/index.php?rest_route=\/wp\/v2\/types\/page"}],"author":[{"embeddable":true,"href":"https:\/\/www.albertiapsicologiaysalud.com\/index.php?rest_route=\/wp\/v2\/users\/2"}],"replies":[{"embeddable":true,"href":"https:\/\/www.albertiapsicologiaysalud.com\/index.php?rest_route=%2Fwp%2Fv2%2Fcomments&post=5785"}],"version-history":[{"count":42,"href":"https:\/\/www.albertiapsicologiaysalud.com\/index.php?rest_route=\/wp\/v2\/pages\/5785\/revisions"}],"predecessor-version":[{"id":9023,"href":"https:\/\/www.albertiapsicologiaysalud.com\/index.php?rest_route=\/wp\/v2\/pages\/5785\/revisions\/9023"}],"wp:featuredmedia":[{"embeddable":true,"href":"https:\/\/www.albertiapsicologiaysalud.com\/index.php?rest_route=\/wp\/v2\/media\/7638"}],"wp:attachment":[{"href":"https:\/\/www.albertiapsicologiaysalud.com\/index.php?rest_route=%2Fwp%2Fv2%2Fmedia&parent=5785"}],"curies":[{"name":"wp","href":"https:\/\/api.w.org\/{rel}","templated":true}]}}