{"id":7168,"date":"2021-07-11T15:40:13","date_gmt":"2021-07-11T15:40:13","guid":{"rendered":"http:\/\/www.albertiapsicologiaysalud.com\/?page_id=7168"},"modified":"2026-01-04T17:01:07","modified_gmt":"2026-01-04T17:01:07","slug":"proyecto-neonat-familia","status":"publish","type":"page","link":"https:\/\/www.albertiapsicologiaysalud.com\/?page_id=7168","title":{"rendered":"Proyecto Neonat-Familia"},"content":{"rendered":"\n<figure class=\"wp-block-video\"><video autoplay controls loop src=\"https:\/\/www.albertiapsicologiaysalud.com\/wp-content\/uploads\/club-familia-3.mp4\"><\/video><\/figure>\n\n\n\n<p class=\"has-text-color has-medium-font-size\" style=\"color:#123f83\"><strong>Plan de familia saludable<\/strong><\/p>\n\n\n\n<p class=\"has-very-light-gray-background-color has-background\" style=\"font-size:15px\">Cada vez est\u00e1n m\u00e1s presentes en la sociedad aspectos m\u00e1s complejos para las familias y que requieren atenci\u00f3n especializada<\/p>\n\n\n\n<p style=\"font-size:15px\">Educar es una de las empresas m\u00e1s apasionantes y a la vez m\u00e1s complejas y delicadas a las que tendremos que enfrentarnos, la cual exige de nosotros una gran entrega, cari\u00f1o y dedicaci\u00f3n.<\/p>\n\n\n\n<p class=\"has-text-color\" style=\"color:#133e77;font-size:15px\"><strong>No sin dejar de trasmitir seguridad, autoridad sin autoritarismo, disciplina, saber manejar las emociones, autocontrol&#8230;<\/strong><\/p>\n\n\n\n<p class=\"has-very-light-gray-background-color has-background\" style=\"font-size:15px\">Desde nuestro programa Neonat-Familia pretendemos acompa\u00f1aros en el quehacer diario proporcionando claves y rutas de trabajo que os ayuden en la tarea de comprender a vuestros hijos en cada etapa evolutiva a la vez que aportar estrategias y orientaci\u00f3n en vuestra tarea de educadores. <\/p>\n\n\n\n<p style=\"font-size:15px\">Las demandas m\u00e1s comunes que las familias nos hacen entre otras, est\u00e1n relacionadas con las dificultades de la crianza, el estr\u00e9s familiar, divorcios, fallecimientos, enfermedades etc. <\/p>\n\n\n\n<p class=\"has-text-align-center has-text-color\" style=\"color:#09587a;font-size:15px\"><strong>Te&nbsp;atenderemos&nbsp;en&nbsp;situaciones&nbsp;relacionadas con&nbsp;el&nbsp;apoyo&nbsp;psicosocial&nbsp;a&nbsp;los&nbsp;padres,&nbsp;salud&nbsp;mental,&nbsp;estructuraci\u00f3n de las experiencias, aburrimiento, mitigaci\u00f3n&nbsp;de&nbsp;las&nbsp;consecuencias&nbsp;negativas&nbsp;de&nbsp;vida,&nbsp;ansiedad,&nbsp;   miedo&nbsp;o&nbsp;preocupaci\u00f3n.&nbsp;<\/strong><\/p>\n\n\n\n<p class=\"has-very-light-gray-background-color has-background\" style=\"font-size:15px\">Y adem\u00e1s&#8230;manejo proactivo de los factores de riesgo modificables dentro de : Problemas de Alimentaci\u00f3n &#8211; Malos resultados acad\u00e9micos- Adicciones a Videojuegos &#8211; Sexualidad &#8211; Botell\u00f3n<br><\/p>\n\n\n\n<p style=\"font-size:15px\">El psicoterapeuta s\u00f3lo facilita el cambio como lo hace un catalizador en qu\u00edmica, siempre con la concepci\u00f3n de una \u00abexistencia ideal\u00bb hacia las que todas las personas deben tender. No se pretende curar patolog\u00edas , sino desarrollar capacidades<\/p>\n\n\n\n<p class=\"has-very-light-gray-background-color has-background\" style=\"font-size:15px\">Las personas y familias que demandan ayuda psicol\u00f3gica, no son personas enfermas que necesiten cura, son personas con problemas y con los recursos suficientes para resolverlos ellos mismos con ayuda profesional.<\/p>\n\n\n\n<p style=\"font-size:15px\">Nos adaptamos a las necesidades espec\u00edficas de cada familia y a las de cada uno de sus miembros, avanzando juntos en el desarrollo de las acciones que proponemos en torno a la intervenci\u00f3n sist\u00e9mica de orden, pertenencia y equilibrio. <\/p>\n\n\n\n<figure class=\"wp-block-image is-style-rounded\"><img loading=\"lazy\" width=\"1024\" height=\"256\" src=\"https:\/\/www.albertiapsicologiaysalud.com\/wp-content\/uploads\/soluciona-1-1024x256.png\" alt=\"\" class=\"wp-image-8141\" srcset=\"https:\/\/www.albertiapsicologiaysalud.com\/wp-content\/uploads\/soluciona-1-1024x256.png 1024w, https:\/\/www.albertiapsicologiaysalud.com\/wp-content\/uploads\/soluciona-1-300x75.png 300w, https:\/\/www.albertiapsicologiaysalud.com\/wp-content\/uploads\/soluciona-1-768x192.png 768w, https:\/\/www.albertiapsicologiaysalud.com\/wp-content\/uploads\/soluciona-1.png 1584w\" sizes=\"(max-width: 1024px) 100vw, 1024px\" \/><figcaption>Podemos ser tus profesionales de salud. <br>Tenemos soluciones ajustadas a tus necesidades<br><strong>625 988 100<\/strong><br><a href=\"psicologia.eescobar2@gmail.com\" data-type=\"URL\" data-id=\"psicologia.eescobar2@gmail.com\">psicologia.eescobar2@gmail.com<\/a><\/figcaption><\/figure>\n\n\n\n<p><\/p>\n","protected":false},"excerpt":{"rendered":"<p>\ufeffTe atenderemos en situaciones relacionadas con el apoyo psicosocial a los padres, salud mental, estructuraci\u00f3n de las experiencias de aburrimiento o miedo, mitigaci\u00f3n de las consecuencias negativas de la pandemia ansiedad, miedo o preocupaci\u00f3n. <\/p>\n","protected":false},"author":2,"featured_media":7914,"parent":0,"menu_order":5,"comment_status":"closed","ping_status":"closed","template":"","meta":[],"_links":{"self":[{"href":"https:\/\/www.albertiapsicologiaysalud.com\/index.php?rest_route=\/wp\/v2\/pages\/7168"}],"collection":[{"href":"https:\/\/www.albertiapsicologiaysalud.com\/index.php?rest_route=\/wp\/v2\/pages"}],"about":[{"href":"https:\/\/www.albertiapsicologiaysalud.com\/index.php?rest_route=\/wp\/v2\/types\/page"}],"author":[{"embeddable":true,"href":"https:\/\/www.albertiapsicologiaysalud.com\/index.php?rest_route=\/wp\/v2\/users\/2"}],"replies":[{"embeddable":true,"href":"https:\/\/www.albertiapsicologiaysalud.com\/index.php?rest_route=%2Fwp%2Fv2%2Fcomments&post=7168"}],"version-history":[{"count":18,"href":"https:\/\/www.albertiapsicologiaysalud.com\/index.php?rest_route=\/wp\/v2\/pages\/7168\/revisions"}],"predecessor-version":[{"id":9495,"href":"https:\/\/www.albertiapsicologiaysalud.com\/index.php?rest_route=\/wp\/v2\/pages\/7168\/revisions\/9495"}],"wp:featuredmedia":[{"embeddable":true,"href":"https:\/\/www.albertiapsicologiaysalud.com\/index.php?rest_route=\/wp\/v2\/media\/7914"}],"wp:attachment":[{"href":"https:\/\/www.albertiapsicologiaysalud.com\/index.php?rest_route=%2Fwp%2Fv2%2Fmedia&parent=7168"}],"curies":[{"name":"wp","href":"https:\/\/api.w.org\/{rel}","templated":true}]}}