{"id":9,"date":"2013-10-22T18:13:38","date_gmt":"2013-10-22T18:13:38","guid":{"rendered":"http:\/\/www.albertiapsicologiaysalud.com\/albertia\/?page_id=9"},"modified":"2026-01-04T17:02:14","modified_gmt":"2026-01-04T17:02:14","slug":"contact","status":"publish","type":"page","link":"https:\/\/www.albertiapsicologiaysalud.com\/?page_id=9","title":{"rendered":"Contacto"},"content":{"rendered":"\n<figure class=\"wp-block-image\"><img loading=\"lazy\" width=\"534\" height=\"250\" src=\"https:\/\/www.albertiapsicologiaysalud.com\/wp-content\/uploads\/imagen-2.png\" alt=\"\" class=\"wp-image-7565\" srcset=\"https:\/\/www.albertiapsicologiaysalud.com\/wp-content\/uploads\/imagen-2.png 534w, https:\/\/www.albertiapsicologiaysalud.com\/wp-content\/uploads\/imagen-2-300x140.png 300w\" sizes=\"(max-width: 534px) 100vw, 534px\" \/><\/figure>\n\n\n\n<p><strong>Consulta<br><\/strong>Elena Escobar Albert\u00edn <\/p>\n\n\n\n<p>Psic\u00f3loga A-01944<\/p>\n\n\n\n<p>Plaza Diego Vel\u00e1zquez, 2<br>50006 Zaragoza<br>llama al <strong>625 988 100<\/strong><\/p>\n\n\n\n<p class=\"has-text-align-left\"><a href=\"mailto:psicologia.eescobar@gmail.com\" data-type=\"mailto\" data-id=\"mailto:psicologia.eescobar@gmail.com\">psicologia.eescobar@gmail.com<\/a><\/p>\n\n\n\n<p><\/p>\n\n\n\n<p>Proyectos de Salud y Bienestar <br>Promoci\u00f3n de h\u00e1bitos saludables.<\/p>\n\n\n\n<p><\/p>\n\n\n\n<p><\/p>\n","protected":false},"excerpt":{"rendered":"<p>ConsultaElena Escobar Albert\u00edn Psic\u00f3loga A-01944 Plaza Diego Vel\u00e1zquez, 250006 Zaragozallama al 625 988 100 psicologia.eescobar@gmail.com Proyectos de Salud y Bienestar Promoci\u00f3n de h\u00e1bitos saludables.<\/p>\n","protected":false},"author":1,"featured_media":600,"parent":0,"menu_order":0,"comment_status":"closed","ping_status":"closed","template":"","meta":[],"_links":{"self":[{"href":"https:\/\/www.albertiapsicologiaysalud.com\/index.php?rest_route=\/wp\/v2\/pages\/9"}],"collection":[{"href":"https:\/\/www.albertiapsicologiaysalud.com\/index.php?rest_route=\/wp\/v2\/pages"}],"about":[{"href":"https:\/\/www.albertiapsicologiaysalud.com\/index.php?rest_route=\/wp\/v2\/types\/page"}],"author":[{"embeddable":true,"href":"https:\/\/www.albertiapsicologiaysalud.com\/index.php?rest_route=\/wp\/v2\/users\/1"}],"replies":[{"embeddable":true,"href":"https:\/\/www.albertiapsicologiaysalud.com\/index.php?rest_route=%2Fwp%2Fv2%2Fcomments&post=9"}],"version-history":[{"count":94,"href":"https:\/\/www.albertiapsicologiaysalud.com\/index.php?rest_route=\/wp\/v2\/pages\/9\/revisions"}],"predecessor-version":[{"id":9477,"href":"https:\/\/www.albertiapsicologiaysalud.com\/index.php?rest_route=\/wp\/v2\/pages\/9\/revisions\/9477"}],"wp:featuredmedia":[{"embeddable":true,"href":"https:\/\/www.albertiapsicologiaysalud.com\/index.php?rest_route=\/wp\/v2\/media\/600"}],"wp:attachment":[{"href":"https:\/\/www.albertiapsicologiaysalud.com\/index.php?rest_route=%2Fwp%2Fv2%2Fmedia&parent=9"}],"curies":[{"name":"wp","href":"https:\/\/api.w.org\/{rel}","templated":true}]}}